{"id":4285,"date":"2024-05-28T10:31:48","date_gmt":"2024-05-28T08:31:48","guid":{"rendered":"https:\/\/reutter-group.com\/?page_id=4285"},"modified":"2024-09-25T06:51:51","modified_gmt":"2024-09-25T04:51:51","slug":"flexible-working-model","status":"publish","type":"page","link":"https:\/\/reutter-group.com\/de\/flexible-working-model\/","title":{"rendered":"Flexible working model"},"content":{"rendered":"<div data-elementor-type=\"wp-page\" data-elementor-id=\"4285\" class=\"elementor elementor-4285\">\n\t\t\t\t<div class=\"elementor-element elementor-element-fb96bae e-con-full e-flex elementor-invisible e-con e-parent\" data-id=\"fb96bae\" data-element_type=\"container\" data-e-type=\"container\" data-settings=\"{&quot;animation&quot;:&quot;slideInUp&quot;,&quot;animation_widescreen&quot;:&quot;slideInUp&quot;}\">\n\t\t<div class=\"elementor-element elementor-element-e9d9899 e-con-full e-flex e-con e-child\" data-id=\"e9d9899\" data-element_type=\"container\" data-e-type=\"container\">\n\t\t\t\t<div class=\"elementor-element elementor-element-07bf554 elementor-widget-mobile__width-inherit elementor-widget elementor-widget-heading\" data-id=\"07bf554\" data-element_type=\"widget\" data-e-type=\"widget\" data-widget_type=\"heading.default\">\n\t\t\t\t<div class=\"elementor-widget-container\">\n\t\t\t\t\t<h2 class=\"elementor-heading-title elementor-size-default\">Flexibles Arbeitsmodell<\/h2>\t\t\t\t<\/div>\n\t\t\t\t<\/div>\n\t\t\t\t<div class=\"elementor-element elementor-element-78745d8 elementor-widget elementor-widget-text-editor\" data-id=\"78745d8\" data-element_type=\"widget\" data-e-type=\"widget\" data-widget_type=\"text-editor.default\">\n\t\t\t\t<div class=\"elementor-widget-container\">\n\t\t\t\t\t\t\t\t\tWir bieten flexible Arbeitsmodelle an, die es unseren Mitarbeiter\/innen erm\u00f6glichen, ihre Arbeit optimal zu gestalten und ihre beruflichen und pers\u00f6nlichen Verpflichtungen in Einklang zu bringen. Dies kann die Vereinbarkeit von Familie und Beruf sowie die M\u00f6glichkeit des Remote-Arbeitens umfassen.\t\t\t\t\t\t\t\t<\/div>\n\t\t\t\t<\/div>\n\t\t\t\t<\/div>\n\t\t<div class=\"elementor-element elementor-element-d2a2285 e-con-full e-flex e-con e-child\" data-id=\"d2a2285\" data-element_type=\"container\" data-e-type=\"container\">\n\t\t\t\t<div class=\"elementor-element elementor-element-87aa048 elementor-widget elementor-widget-image\" data-id=\"87aa048\" data-element_type=\"widget\" data-e-type=\"widget\" data-widget_type=\"image.default\">\n\t\t\t\t<div class=\"elementor-widget-container\">\n\t\t\t\t\t\t\t\t\t\t\t\t\t\t\t<img fetchpriority=\"high\" decoding=\"async\" width=\"569\" height=\"349\" src=\"https:\/\/reutter-group.com\/wp-content\/uploads\/2024\/05\/image-20.png\" class=\"attachment-large size-large wp-image-4315\" alt=\"\" srcset=\"https:\/\/reutter-group.com\/wp-content\/uploads\/2024\/05\/image-20.png 569w, https:\/\/reutter-group.com\/wp-content\/uploads\/2024\/05\/image-20-300x184.png 300w, https:\/\/reutter-group.com\/wp-content\/uploads\/2024\/05\/image-20-18x12.png 18w\" sizes=\"(max-width: 569px) 100vw, 569px\" \/>\t\t\t\t\t\t\t\t\t\t\t\t\t\t\t<\/div>\n\t\t\t\t<\/div>\n\t\t\t\t<\/div>\n\t\t\t\t<\/div>\n\t\t\t\t<\/div>","protected":false},"excerpt":{"rendered":"<p>Flexible Working Models We offer flexible working models that enable our employees to optimise their work and maintain balance between [&hellip;]<\/p>\n","protected":false},"author":2,"featured_media":0,"parent":0,"menu_order":0,"comment_status":"closed","ping_status":"closed","template":"","meta":{"site-sidebar-layout":"no-sidebar","site-content-layout":"","ast-site-content-layout":"full-width-container","site-content-style":"default","site-sidebar-style":"default","ast-global-header-display":"","ast-banner-title-visibility":"","ast-main-header-display":"","ast-hfb-above-header-display":"","ast-hfb-below-header-display":"","ast-hfb-mobile-header-display":"","site-post-title":"disabled","ast-breadcrumbs-content":"","ast-featured-img":"disabled","footer-sml-layout":"","ast-disable-related-posts":"","theme-transparent-header-meta":"","adv-header-id-meta":"","stick-header-meta":"","header-above-stick-meta":"","header-main-stick-meta":"","header-below-stick-meta":"","astra-migrate-meta-layouts":"default","ast-page-background-enabled":"default","ast-page-background-meta":{"desktop":{"background-color":"var(--ast-global-color-4)","background-image":"","background-repeat":"repeat","background-position":"center center","background-size":"auto","background-attachment":"scroll","background-type":"","background-media":"","overlay-type":"","overlay-color":"","overlay-opacity":"","overlay-gradient":""},"tablet":{"background-color":"","background-image":"","background-repeat":"repeat","background-position":"center center","background-size":"auto","background-attachment":"scroll","background-type":"","background-media":"","overlay-type":"","overlay-color":"","overlay-opacity":"","overlay-gradient":""},"mobile":{"background-color":"","background-image":"","background-repeat":"repeat","background-position":"center center","background-size":"auto","background-attachment":"scroll","background-type":"","background-media":"","overlay-type":"","overlay-color":"","overlay-opacity":"","overlay-gradient":""}},"ast-content-background-meta":{"desktop":{"background-color":"var(--ast-global-color-5)","background-image":"","background-repeat":"repeat","background-position":"center center","background-size":"auto","background-attachment":"scroll","background-type":"","background-media":"","overlay-type":"","overlay-color":"","overlay-opacity":"","overlay-gradient":""},"tablet":{"background-color":"var(--ast-global-color-5)","background-image":"","background-repeat":"repeat","background-position":"center center","background-size":"auto","background-attachment":"scroll","background-type":"","background-media":"","overlay-type":"","overlay-color":"","overlay-opacity":"","overlay-gradient":""},"mobile":{"background-color":"var(--ast-global-color-5)","background-image":"","background-repeat":"repeat","background-position":"center center","background-size":"auto","background-attachment":"scroll","background-type":"","background-media":"","overlay-type":"","overlay-color":"","overlay-opacity":"","overlay-gradient":""}},"footnotes":""},"class_list":["post-4285","page","type-page","status-publish","hentry"],"_links":{"self":[{"href":"https:\/\/reutter-group.com\/de\/wp-json\/wp\/v2\/pages\/4285","targetHints":{"allow":["GET"]}}],"collection":[{"href":"https:\/\/reutter-group.com\/de\/wp-json\/wp\/v2\/pages"}],"about":[{"href":"https:\/\/reutter-group.com\/de\/wp-json\/wp\/v2\/types\/page"}],"author":[{"embeddable":true,"href":"https:\/\/reutter-group.com\/de\/wp-json\/wp\/v2\/users\/2"}],"replies":[{"embeddable":true,"href":"https:\/\/reutter-group.com\/de\/wp-json\/wp\/v2\/comments?post=4285"}],"version-history":[{"count":61,"href":"https:\/\/reutter-group.com\/de\/wp-json\/wp\/v2\/pages\/4285\/revisions"}],"predecessor-version":[{"id":20011,"href":"https:\/\/reutter-group.com\/de\/wp-json\/wp\/v2\/pages\/4285\/revisions\/20011"}],"wp:attachment":[{"href":"https:\/\/reutter-group.com\/de\/wp-json\/wp\/v2\/media?parent=4285"}],"curies":[{"name":"wp","href":"https:\/\/api.w.org\/{rel}","templated":true}]}}