{"id":55,"date":"2024-05-10T10:55:19","date_gmt":"2024-05-10T08:55:19","guid":{"rendered":"https:\/\/reutter-group.com\/?page_id=55"},"modified":"2024-09-18T13:10:22","modified_gmt":"2024-09-18T11:10:22","slug":"innovation","status":"publish","type":"page","link":"https:\/\/reutter-group.com\/de\/innovation\/","title":{"rendered":"Innovation"},"content":{"rendered":"<div data-elementor-type=\"wp-page\" data-elementor-id=\"55\" class=\"elementor elementor-55\">\n\t\t\t\t<div class=\"elementor-element elementor-element-cea1f18 e-con-full e-flex e-con e-parent\" data-id=\"cea1f18\" data-element_type=\"container\" data-e-type=\"container\" data-settings=\"{&quot;background_background&quot;:&quot;classic&quot;}\">\n\t\t\t\t<div class=\"elementor-element elementor-element-da135a6 elementor-widget__width-initial elementor-invisible elementor-widget elementor-widget-heading\" data-id=\"da135a6\" data-element_type=\"widget\" data-e-type=\"widget\" data-settings=\"{&quot;_animation&quot;:&quot;slideInUp&quot;}\" data-widget_type=\"heading.default\">\n\t\t\t\t<div class=\"elementor-widget-container\">\n\t\t\t\t\t<h2 class=\"elementor-heading-title elementor-size-default\">INNOVATION<\/h2>\t\t\t\t<\/div>\n\t\t\t\t<\/div>\n\t\t\t\t<\/div>\n\t\t<div class=\"elementor-element elementor-element-c6e586f e-con-full elementor-hidden-tablet e-flex e-con e-parent\" data-id=\"c6e586f\" data-element_type=\"container\" data-e-type=\"container\" data-settings=\"{&quot;background_background&quot;:&quot;classic&quot;}\">\n\t\t<div class=\"elementor-element elementor-element-fad0d6e e-con-full e-flex e-con e-child\" data-id=\"fad0d6e\" data-element_type=\"container\" data-e-type=\"container\">\n\t\t\t\t<div class=\"elementor-element elementor-element-b276234 elementor-widget-mobile__width-inherit elementor-invisible elementor-widget elementor-widget-heading\" data-id=\"b276234\" data-element_type=\"widget\" data-e-type=\"widget\" data-settings=\"{&quot;_animation&quot;:&quot;slideInUp&quot;}\" data-widget_type=\"heading.default\">\n\t\t\t\t<div class=\"elementor-widget-container\">\n\t\t\t\t\t<h2 class=\"elementor-heading-title elementor-size-default\">INNOVATION<\/h2>\t\t\t\t<\/div>\n\t\t\t\t<\/div>\n\t\t<div class=\"elementor-element elementor-element-c4e5730 e-con-full e-flex elementor-invisible e-con e-child\" data-id=\"c4e5730\" data-element_type=\"container\" data-e-type=\"container\" data-settings=\"{&quot;animation&quot;:&quot;slideInUp&quot;}\">\n\t\t\t\t<div class=\"elementor-element elementor-element-6d1809a elementor-widget elementor-widget-image\" data-id=\"6d1809a\" data-element_type=\"widget\" data-e-type=\"widget\" data-widget_type=\"image.default\">\n\t\t\t\t<div class=\"elementor-widget-container\">\n\t\t\t\t\t\t\t\t\t\t\t\t\t\t\t<img fetchpriority=\"high\" decoding=\"async\" width=\"544\" height=\"337\" src=\"https:\/\/reutter-group.com\/wp-content\/uploads\/2024\/05\/Reutter_16_4_24_32421-1.png\" class=\"attachment-large size-large wp-image-2020\" alt=\"\" srcset=\"https:\/\/reutter-group.com\/wp-content\/uploads\/2024\/05\/Reutter_16_4_24_32421-1.png 544w, https:\/\/reutter-group.com\/wp-content\/uploads\/2024\/05\/Reutter_16_4_24_32421-1-300x186.png 300w, https:\/\/reutter-group.com\/wp-content\/uploads\/2024\/05\/Reutter_16_4_24_32421-1-18x12.png 18w\" sizes=\"(max-width: 544px) 100vw, 544px\" \/>\t\t\t\t\t\t\t\t\t\t\t\t\t\t\t<\/div>\n\t\t\t\t<\/div>\n\t\t\t\t<div class=\"elementor-element elementor-element-7ebf1cf elementor-widget__width-initial elementor-widget-widescreen__width-initial elementor-hidden-mobile elementor-widget elementor-widget-text-editor\" data-id=\"7ebf1cf\" data-element_type=\"widget\" data-e-type=\"widget\" data-widget_type=\"text-editor.default\">\n\t\t\t\t<div class=\"elementor-widget-container\">\n\t\t\t\t\t\t\t\t\t<p>Bei uns steht Innovation nicht nur auf der Visitenkarte, sondern auch an erster Stelle. Unser engagiertes Innovationsteam ist das Herzst\u00fcck unseres Strebens nach st\u00e4ndiger Verbesserung und Erweiterung unseres Produktportfolios. Durch die Vereinigung einer Vielzahl von Talenten, F\u00e4higkeiten und Erfahrungen verwandeln wir k\u00fchne Ideen in greifbare Realit\u00e4ten.<\/p><p>In einer Welt, die sich schnell ver\u00e4ndert, erkennen wir die Bedeutung des Denkens au\u00dferhalb herk\u00f6mmlicher Muster. Unser Team sch\u00f6pft aus einem breiten Erfahrungsschatz und profitiert von einer Kultur offener Kommunikation. Diese Agilit\u00e4t erm\u00f6glicht es uns, schnell und effizient auf Ver\u00e4nderungen und notwendige Anpassungen zu reagieren.<\/p>\t\t\t\t\t\t\t\t<\/div>\n\t\t\t\t<\/div>\n\t\t\t\t<div class=\"elementor-element elementor-element-6f7916a elementor-widget__width-initial elementor-widget-widescreen__width-initial elementor-hidden-widescreen elementor-hidden-desktop elementor-hidden-laptop elementor-hidden-tablet elementor-widget elementor-widget-text-editor\" data-id=\"6f7916a\" data-element_type=\"widget\" data-e-type=\"widget\" data-widget_type=\"text-editor.default\">\n\t\t\t\t<div class=\"elementor-widget-container\">\n\t\t\t\t\t\t\t\t\tAt REUTTER, innovation isn&#8217;t just a buzzword; it&#8217;s our driving force. Our dedicated innovation team is the cornerstone of our relentless pursuit to continuously improve and expand our product range&#8230;\t\t\t\t\t\t\t\t<\/div>\n\t\t\t\t<\/div>\n\t\t\t\t<div class=\"elementor-element elementor-element-898f764 elementor-widget__width-initial elementor-hidden-widescreen elementor-hidden-desktop elementor-hidden-laptop elementor-hidden-tablet elementor-widget elementor-widget-toggle\" data-id=\"898f764\" data-element_type=\"widget\" data-e-type=\"widget\" data-widget_type=\"toggle.default\">\n\t\t\t\t<div class=\"elementor-widget-container\">\n\t\t\t\t\t\t\t<div class=\"elementor-toggle\">\n\t\t\t\t\t\t\t<div class=\"elementor-toggle-item\">\n\t\t\t\t\t<div id=\"elementor-tab-title-1441\" class=\"elementor-tab-title\" data-tab=\"1\" role=\"button\" aria-controls=\"elementor-tab-content-1441\" aria-expanded=\"false\">\n\t\t\t\t\t\t\t\t\t\t\t\t<a class=\"elementor-toggle-title\" tabindex=\"0\">Read more<\/a>\n\t\t\t\t\t<\/div>\n\n\t\t\t\t\t<div id=\"elementor-tab-content-1441\" class=\"elementor-tab-content elementor-clearfix\" data-tab=\"1\" role=\"region\" aria-labelledby=\"elementor-tab-title-1441\">This enables the use of a more compact valve structure, as there is no need to accommodate high volumes of steam. Our BEV coolant caps are designed to meet these requirements, ensuring efficient operation and longevity.<\/div>\n\t\t\t\t<\/div>\n\t\t\t\t\t\t\t\t<\/div>\n\t\t\t\t\t\t<\/div>\n\t\t\t\t<\/div>\n\t\t\t\t<\/div>\n\t\t<div class=\"elementor-element elementor-element-9aab04e e-con-full e-flex elementor-invisible e-con e-child\" data-id=\"9aab04e\" data-element_type=\"container\" data-e-type=\"container\" data-settings=\"{&quot;animation&quot;:&quot;slideInUp&quot;}\">\n\t\t\t\t<div class=\"elementor-element elementor-element-67cfce1 elementor-widget__width-initial elementor-hidden-widescreen elementor-hidden-desktop elementor-hidden-laptop elementor-hidden-tablet elementor-widget elementor-widget-toggle\" data-id=\"67cfce1\" data-element_type=\"widget\" data-e-type=\"widget\" data-widget_type=\"toggle.default\">\n\t\t\t\t<div class=\"elementor-widget-container\">\n\t\t\t\t\t\t\t<div class=\"elementor-toggle\">\n\t\t\t\t\t\t\t<div class=\"elementor-toggle-item\">\n\t\t\t\t\t<div id=\"elementor-tab-title-1081\" class=\"elementor-tab-title\" data-tab=\"1\" role=\"button\" aria-controls=\"elementor-tab-content-1081\" aria-expanded=\"false\">\n\t\t\t\t\t\t\t\t\t\t\t\t<a class=\"elementor-toggle-title\" tabindex=\"0\">Read more<\/a>\n\t\t\t\t\t<\/div>\n\n\t\t\t\t\t<div id=\"elementor-tab-content-1081\" class=\"elementor-tab-content elementor-clearfix\" data-tab=\"1\" role=\"region\" aria-labelledby=\"elementor-tab-title-1081\">In times of adversity, we prioritise flexibility and swift root cause analysis, followed up with targeted solution implementation. Operating independently of routine business operations, our team offers holistic support \u2013 from initial customer interaction to the execution of large-scale projects.\n\nJoin us as we embark on a journey into the future. Our innovation department isn&#8217;t just a team \u2013 it&#8217;s a promise to our customers and to the world that we&#8217;ll never cease in our quest for better, smarter solutions.<\/div>\n\t\t\t\t<\/div>\n\t\t\t\t\t\t\t\t<\/div>\n\t\t\t\t\t\t<\/div>\n\t\t\t\t<\/div>\n\t\t\t\t<div class=\"elementor-element elementor-element-82a0e7e elementor-widget__width-initial elementor-hidden-widescreen elementor-hidden-desktop elementor-hidden-laptop elementor-hidden-tablet elementor-widget elementor-widget-text-editor\" data-id=\"82a0e7e\" data-element_type=\"widget\" data-e-type=\"widget\" data-widget_type=\"text-editor.default\">\n\t\t\t\t<div class=\"elementor-widget-container\">\n\t\t\t\t\t\t\t\t\tOur innovation knows no bounds \u2013 whether originating internally or externally, across any industry or target demographic. We embrace experimentation and rapid prototyping, thus allowing us to learn from challenges and develop effective solutions&#8230;\t\t\t\t\t\t\t\t<\/div>\n\t\t\t\t<\/div>\n\t\t\t\t<div class=\"elementor-element elementor-element-977a26b elementor-widget__width-initial elementor-hidden-mobile elementor-widget elementor-widget-text-editor\" data-id=\"977a26b\" data-element_type=\"widget\" data-e-type=\"widget\" data-widget_type=\"text-editor.default\">\n\t\t\t\t<div class=\"elementor-widget-container\">\n\t\t\t\t\t\t\t\t\t<p>Unsere Innovationskraft kennt keine Grenzen \u2013 ob der Impuls von innen oder au\u00dfen kommt, unabh\u00e4ngig vom Gesch\u00e4ftsfeld oder der Zielgruppe. Experimentierfreude und die schnelle Entwicklung von Prototypen sind f\u00fcr uns essenziell. Diese Herangehensweise erlaubt es uns, aus jeder Herausforderung zu lernen und effektive L\u00f6sungen zu entwickeln.<\/p><p>In schwierigen Situationen legen wir Wert auf Flexibilit\u00e4t und schnelle Ursachenanalyse, gefolgt von einer zielgerichteten L\u00f6sungsumsetzung. Unser Team arbeitet unabh\u00e4ngig vom Seriengesch\u00e4ft und bietet ganzheitliche Unterst\u00fctzung \u2013 vom ersten Kundenkontakt bis zur Umsetzung von Serienprojekten.<\/p><p>Entdecken Sie mit uns die Zukunft. Unsere Innovationsabteilung ist nicht nur ein Team \u2013 es ist ein Versprechen an unsere Kunden und die Welt, dass wir nie aufh\u00f6ren werden, nach besseren, intelligenteren L\u00f6sungen zu suchen.<\/p>\t\t\t\t\t\t\t\t<\/div>\n\t\t\t\t<\/div>\n\t\t\t\t<div class=\"elementor-element elementor-element-ed7122c elementor-widget elementor-widget-image\" data-id=\"ed7122c\" data-element_type=\"widget\" data-e-type=\"widget\" data-widget_type=\"image.default\">\n\t\t\t\t<div class=\"elementor-widget-container\">\n\t\t\t\t\t\t\t\t\t\t\t\t\t\t\t<img decoding=\"async\" width=\"544\" height=\"322\" src=\"https:\/\/reutter-group.com\/wp-content\/uploads\/2024\/05\/Reutter_16_4_24_32590-1.png\" class=\"attachment-large size-large wp-image-2013\" alt=\"\" srcset=\"https:\/\/reutter-group.com\/wp-content\/uploads\/2024\/05\/Reutter_16_4_24_32590-1.png 544w, https:\/\/reutter-group.com\/wp-content\/uploads\/2024\/05\/Reutter_16_4_24_32590-1-300x178.png 300w, https:\/\/reutter-group.com\/wp-content\/uploads\/2024\/05\/Reutter_16_4_24_32590-1-18x12.png 18w\" sizes=\"(max-width: 544px) 100vw, 544px\" \/>\t\t\t\t\t\t\t\t\t\t\t\t\t\t\t<\/div>\n\t\t\t\t<\/div>\n\t\t\t\t<\/div>\n\t\t\t\t<\/div>\n\t\t\t\t<\/div>\n\t\t<div class=\"elementor-element elementor-element-56c78d3 e-con-full elementor-hidden-widescreen elementor-hidden-desktop elementor-hidden-laptop elementor-hidden-mobile e-flex e-con e-parent\" data-id=\"56c78d3\" data-element_type=\"container\" data-e-type=\"container\" data-settings=\"{&quot;background_background&quot;:&quot;classic&quot;}\">\n\t\t<div class=\"elementor-element elementor-element-47bba8c e-con-full e-flex e-con e-child\" data-id=\"47bba8c\" data-element_type=\"container\" data-e-type=\"container\">\n\t\t\t\t<div class=\"elementor-element elementor-element-f3ba7dc elementor-widget elementor-widget-heading\" data-id=\"f3ba7dc\" data-element_type=\"widget\" data-e-type=\"widget\" data-settings=\"{&quot;_animation_tablet&quot;:&quot;slideInUp&quot;}\" data-widget_type=\"heading.default\">\n\t\t\t\t<div class=\"elementor-widget-container\">\n\t\t\t\t\t<h2 class=\"elementor-heading-title elementor-size-default\">INNOVATION<\/h2>\t\t\t\t<\/div>\n\t\t\t\t<\/div>\n\t\t<div class=\"elementor-element elementor-element-ccc41cf e-con-full e-flex e-con e-child\" data-id=\"ccc41cf\" data-element_type=\"container\" data-e-type=\"container\">\n\t\t<div class=\"elementor-element elementor-element-a47147d e-con-full e-flex e-con e-child\" data-id=\"a47147d\" data-element_type=\"container\" data-e-type=\"container\" data-settings=\"{&quot;animation_tablet&quot;:&quot;slideInUp&quot;}\">\n\t\t\t\t<div class=\"elementor-element elementor-element-70603e3 elementor-widget__width-initial elementor-widget-widescreen__width-initial elementor-widget elementor-widget-text-editor\" data-id=\"70603e3\" data-element_type=\"widget\" data-e-type=\"widget\" data-widget_type=\"text-editor.default\">\n\t\t\t\t<div class=\"elementor-widget-container\">\n\t\t\t\t\t\t\t\t\tBei uns steht Innovation nicht nur auf der Visitenkarte, sondern auch an erster Stelle. Unser engagiertes Innovationsteam ist das Herzst\u00fcck unseres Strebens nach st\u00e4ndiger Verbesserung und Erweiterung unseres Produktportfolios. Durch die Vereinigung einer Vielzahl von Talenten, F\u00e4higkeiten und Erfahrungen verwandeln wir k\u00fchne Ideen in greifbare Realit\u00e4ten.<br>\nIn einer Welt, die sich schnell ver\u00e4ndert, erkennen wir die Bedeutung des Denkens au\u00dferhalb herk\u00f6mmlicher Muster. Unser Team sch\u00f6pft aus einem breiten Erfahrungsschatz und profitiert von einer Kultur offener Kommunikation. Diese Agilit\u00e4t erm\u00f6glicht es uns, schnell und effizient auf Ver\u00e4nderungen und notwendige Anpassungen zu reagieren.\t\t\t\t\t\t\t\t<\/div>\n\t\t\t\t<\/div>\n\t\t\t\t<div class=\"elementor-element elementor-element-eb2e96a elementor-widget elementor-widget-image\" data-id=\"eb2e96a\" data-element_type=\"widget\" data-e-type=\"widget\" data-widget_type=\"image.default\">\n\t\t\t\t<div class=\"elementor-widget-container\">\n\t\t\t\t\t\t\t\t\t\t\t\t\t\t\t<img decoding=\"async\" width=\"385\" height=\"271\" src=\"https:\/\/reutter-group.com\/wp-content\/uploads\/2024\/05\/Reutter_16_4_24_32421.png\" class=\"attachment-large size-large wp-image-588\" alt=\"\" srcset=\"https:\/\/reutter-group.com\/wp-content\/uploads\/2024\/05\/Reutter_16_4_24_32421.png 385w, https:\/\/reutter-group.com\/wp-content\/uploads\/2024\/05\/Reutter_16_4_24_32421-300x211.png 300w\" sizes=\"(max-width: 385px) 100vw, 385px\" \/>\t\t\t\t\t\t\t\t\t\t\t\t\t\t\t<\/div>\n\t\t\t\t<\/div>\n\t\t\t\t<\/div>\n\t\t\t\t<\/div>\n\t\t<div class=\"elementor-element elementor-element-886c7cf e-con-full e-flex e-con e-child\" data-id=\"886c7cf\" data-element_type=\"container\" data-e-type=\"container\" data-settings=\"{&quot;animation_tablet&quot;:&quot;slideInUp&quot;}\">\n\t\t<div class=\"elementor-element elementor-element-47daaea e-con-full e-flex e-con e-child\" data-id=\"47daaea\" data-element_type=\"container\" data-e-type=\"container\" data-settings=\"{&quot;animation_tablet&quot;:&quot;none&quot;}\">\n\t\t\t\t<div class=\"elementor-element elementor-element-7b2a1f5 elementor-widget__width-initial elementor-widget-widescreen__width-initial elementor-widget elementor-widget-text-editor\" data-id=\"7b2a1f5\" data-element_type=\"widget\" data-e-type=\"widget\" data-widget_type=\"text-editor.default\">\n\t\t\t\t<div class=\"elementor-widget-container\">\n\t\t\t\t\t\t\t\t\tOur innovation knows no bounds \u2013 whether originating internally or externally, across any industry or target demographic. We embrace experimentation and rapid prototyping, thus allowing us to learn from challenges and develop effective solutions.\nIn times of adversity, we prioritise flexibility and swift root cause analysis, followed up with targeted solution implementation. Operating independently of routine business operations, our team offers holistic support \u2013 from initial customer interaction to the execution of large-scale projects.<br>\nEntdecken Sie mit uns die Zukunft. Unsere Innovationsabteilung ist nicht nur ein Team \u2013 es ist ein Versprechen an unsere Kunden und die Welt, dass wir nie aufh\u00f6ren werden, nach besseren, intelligenteren L\u00f6sungen zu suchen.\t\t\t\t\t\t\t\t<\/div>\n\t\t\t\t<\/div>\n\t\t\t\t<\/div>\n\t\t<div class=\"elementor-element elementor-element-2ab3068 e-con-full e-flex e-con e-child\" data-id=\"2ab3068\" data-element_type=\"container\" data-e-type=\"container\">\n\t\t\t\t<div class=\"elementor-element elementor-element-cf5533b elementor-widget elementor-widget-image\" data-id=\"cf5533b\" data-element_type=\"widget\" data-e-type=\"widget\" data-widget_type=\"image.default\">\n\t\t\t\t<div class=\"elementor-widget-container\">\n\t\t\t\t\t\t\t\t\t\t\t\t\t\t\t<img decoding=\"async\" width=\"544\" height=\"322\" src=\"https:\/\/reutter-group.com\/wp-content\/uploads\/2024\/05\/Reutter_16_4_24_32590-1.png\" class=\"attachment-large size-large wp-image-2013\" alt=\"\" srcset=\"https:\/\/reutter-group.com\/wp-content\/uploads\/2024\/05\/Reutter_16_4_24_32590-1.png 544w, https:\/\/reutter-group.com\/wp-content\/uploads\/2024\/05\/Reutter_16_4_24_32590-1-300x178.png 300w, https:\/\/reutter-group.com\/wp-content\/uploads\/2024\/05\/Reutter_16_4_24_32590-1-18x12.png 18w\" sizes=\"(max-width: 544px) 100vw, 544px\" \/>\t\t\t\t\t\t\t\t\t\t\t\t\t\t\t<\/div>\n\t\t\t\t<\/div>\n\t\t\t\t<\/div>\n\t\t\t\t<\/div>\n\t\t\t\t<\/div>\n\t\t\t\t<\/div>\n\t\t<div class=\"elementor-element elementor-element-d3ec713 e-flex e-con-boxed e-con e-parent\" data-id=\"d3ec713\" data-element_type=\"container\" data-e-type=\"container\">\n\t\t\t\t\t<div class=\"e-con-inner\">\n\t\t\t\t\t<\/div>\n\t\t\t\t<\/div>\n\t\t\t\t<\/div>","protected":false},"excerpt":{"rendered":"<p>INNOVATION INNOVATION At REUTTER, innovation isn&#8217;t just a buzzword; it&#8217;s our driving force. Our dedicated innovation team is the cornerstone [&hellip;]<\/p>\n","protected":false},"author":2,"featured_media":0,"parent":0,"menu_order":0,"comment_status":"closed","ping_status":"closed","template":"","meta":{"site-sidebar-layout":"no-sidebar","site-content-layout":"","ast-site-content-layout":"full-width-container","site-content-style":"default","site-sidebar-style":"default","ast-global-header-display":"","ast-banner-title-visibility":"","ast-main-header-display":"","ast-hfb-above-header-display":"","ast-hfb-below-header-display":"","ast-hfb-mobile-header-display":"","site-post-title":"disabled","ast-breadcrumbs-content":"","ast-featured-img":"disabled","footer-sml-layout":"","ast-disable-related-posts":"","theme-transparent-header-meta":"","adv-header-id-meta":"","stick-header-meta":"","header-above-stick-meta":"","header-main-stick-meta":"","header-below-stick-meta":"","astra-migrate-meta-layouts":"default","ast-page-background-enabled":"default","ast-page-background-meta":{"desktop":{"background-color":"var(--ast-global-color-4)","background-image":"","background-repeat":"repeat","background-position":"center center","background-size":"auto","background-attachment":"scroll","background-type":"","background-media":"","overlay-type":"","overlay-color":"","overlay-opacity":"","overlay-gradient":""},"tablet":{"background-color":"","background-image":"","background-repeat":"repeat","background-position":"center center","background-size":"auto","background-attachment":"scroll","background-type":"","background-media":"","overlay-type":"","overlay-color":"","overlay-opacity":"","overlay-gradient":""},"mobile":{"background-color":"","background-image":"","background-repeat":"repeat","background-position":"center center","background-size":"auto","background-attachment":"scroll","background-type":"","background-media":"","overlay-type":"","overlay-color":"","overlay-opacity":"","overlay-gradient":""}},"ast-content-background-meta":{"desktop":{"background-color":"var(--ast-global-color-5)","background-image":"","background-repeat":"repeat","background-position":"center center","background-size":"auto","background-attachment":"scroll","background-type":"","background-media":"","overlay-type":"","overlay-color":"","overlay-opacity":"","overlay-gradient":""},"tablet":{"background-color":"var(--ast-global-color-5)","background-image":"","background-repeat":"repeat","background-position":"center center","background-size":"auto","background-attachment":"scroll","background-type":"","background-media":"","overlay-type":"","overlay-color":"","overlay-opacity":"","overlay-gradient":""},"mobile":{"background-color":"var(--ast-global-color-5)","background-image":"","background-repeat":"repeat","background-position":"center center","background-size":"auto","background-attachment":"scroll","background-type":"","background-media":"","overlay-type":"","overlay-color":"","overlay-opacity":"","overlay-gradient":""}},"footnotes":""},"class_list":["post-55","page","type-page","status-publish","hentry"],"_links":{"self":[{"href":"https:\/\/reutter-group.com\/de\/wp-json\/wp\/v2\/pages\/55","targetHints":{"allow":["GET"]}}],"collection":[{"href":"https:\/\/reutter-group.com\/de\/wp-json\/wp\/v2\/pages"}],"about":[{"href":"https:\/\/reutter-group.com\/de\/wp-json\/wp\/v2\/types\/page"}],"author":[{"embeddable":true,"href":"https:\/\/reutter-group.com\/de\/wp-json\/wp\/v2\/users\/2"}],"replies":[{"embeddable":true,"href":"https:\/\/reutter-group.com\/de\/wp-json\/wp\/v2\/comments?post=55"}],"version-history":[{"count":289,"href":"https:\/\/reutter-group.com\/de\/wp-json\/wp\/v2\/pages\/55\/revisions"}],"predecessor-version":[{"id":19096,"href":"https:\/\/reutter-group.com\/de\/wp-json\/wp\/v2\/pages\/55\/revisions\/19096"}],"wp:attachment":[{"href":"https:\/\/reutter-group.com\/de\/wp-json\/wp\/v2\/media?parent=55"}],"curies":[{"name":"wp","href":"https:\/\/api.w.org\/{rel}","templated":true}]}}